{"id":11,"date":"2022-07-17T19:52:36","date_gmt":"2022-07-17T16:52:36","guid":{"rendered":"http:\/\/www.surok.fi\/koti\/?page_id=11"},"modified":"2022-07-18T09:19:31","modified_gmt":"2022-07-18T06:19:31","slug":"yhdistys","status":"publish","type":"page","link":"https:\/\/www.surok.fi\/koti\/yhdistys\/","title":{"rendered":"Yhdistys"},"content":{"rendered":"<h2>SUROKin historiaa<\/h2>\n<p>Suomen Rotukissayhdistys ry (SUROK) on uranuurtaja Suomen rotukissatoiminnassa. Yhdistys perustettiin 29.09.1960 nimell\u00e4 Helsingin Rotukissayhdistys ry. J\u00e4senm\u00e4\u00e4r\u00e4 kasvoi kuitenkin voimakkaasti ja tasaisesti ymp\u00e4ri Suomea, joten nimenmuutos katsottiin aiheelliseksi v. 1967. Perustamisvuonna yhdistykseen kuului 20 j\u00e4sent\u00e4 kasvaen toisen toimintavuoden aikana 60:een. T\u00e4ll\u00e4 hetkell\u00e4 yhdistyksen j\u00e4senm\u00e4\u00e4r\u00e4 on n. 2000.<\/p>\n<p>Suomen Rotukissayhdistyksen hallitus on yhdistyksen toimeenpaneva elin. Yhdistyksell\u00e4 on yksi aktiivinen aluepiiri, Kymen piiri.<\/p>\n<p>Suomen rotukissatoimintaa johtava korkein p\u00e4\u00e4tt\u00e4v\u00e4 elin on Suomen Kissaliitto ry. Keskusliittoon kuuluu 13 rotukissayhdistyst\u00e4 eri puolilta maata. Yhdistykset kuuluvat Kissaliiton kautta my\u00f6s kansainv\u00e4liseen kattoj\u00e4rjest\u00f6\u00f6n FIF\u00e9:en (F\u00e9d\u00e9ration Internationale F\u00e9line). FIF\u00e9 on noin 40 j\u00e4senmaan yhteenliittym\u00e4, jossa noudatetaan yhten\u00e4isi\u00e4 s\u00e4\u00e4nt\u00f6j\u00e4 ja m\u00e4\u00e4r\u00e4yksi\u00e4.<\/p>\n<h2>Toiminta<\/h2>\n<p>SUROK on toimintansa alkuvuosista l\u00e4htien j\u00e4rjest\u00e4nyt kansainv\u00e4lisi\u00e4 rotukissan\u00e4yttelyit\u00e4. Ensimm\u00e4inen n\u00e4yttely pidettiin 01.- 03.04.1961. N\u00e4yttelyss\u00e4 oli mukana 43 kissaa, joista ulkomaisia oli 19. Viime vuosina yhdistys on j\u00e4rjest\u00e4nyt vuosittain nelj\u00e4 n\u00e4yttely\u00e4, joihin osallistuu keskim\u00e4\u00e4rin 600 kissaa.<\/p>\n<p>Yhdistys j\u00e4rjest\u00e4\u00e4 my\u00f6s erilaisia j\u00e4sentapahtumia. Ohjelmassa on mm. el\u00e4inl\u00e4\u00e4k\u00e4rien luentoja, rotuesittelyit\u00e4 ym.<\/p>\n<h2>Harkitsetko rotukissan hankintaa?<\/h2>\n<p>J\u00e4senkunnastamme l\u00f6ytyy kasvattajia melkein jokaiselle Suomessa olevalle kissarodulle. Pentulistalta saat tiedot kasvattajista, joilla on t\u00e4ll\u00e4 hetkell\u00e4 varattavissa olevia pentuja. Katsothan my\u00f6s aikuiset kotia etsiv\u00e4t kissat. Rotuja koskeviin kysymyksiin saat parhaimmat vastaukset suoraan kasvattajilta tai kyseisen rodun rotuyhdistykselt\u00e4.<img loading=\"lazy\" decoding=\"async\" class=\"size-full wp-image-37 alignright\" src=\"https:\/\/www.surok.fi\/koti\/wp-content\/uploads\/2022\/07\/DSC_7198-e1658125142938.jpg\" alt=\"\" width=\"300\" height=\"289\" srcset=\"https:\/\/www.surok.fi\/koti\/wp-content\/uploads\/2022\/07\/DSC_7198-e1658125142938.jpg 300w, https:\/\/www.surok.fi\/koti\/wp-content\/uploads\/2022\/07\/DSC_7198-e1658125142938-150x145.jpg 150w\" sizes=\"auto, (max-width: 300px) 100vw, 300px\" \/><\/p>\n<p>Rotukissalla on aina rekisterikirja. Rekister\u00f6im\u00e4t\u00f6n pentu ei voi saada rekisterikirjaa my\u00f6hemmin, eik\u00e4 sit\u00e4 katsota kuuluvaksi puhdasrotuisiin kissoihin.<\/p>\n<p>Kissaharrastus on mukava harrastus, johon kaikki perheenj\u00e4senet voivat osallistua. Se antaa uusia yst\u00e4vi\u00e4 ja mielenkiintoista tekemist\u00e4 vapaa-aikaan.<\/p>\n<p>Kissa perheenj\u00e4senen\u00e4 merkitsee \u00e4lyk\u00e4st\u00e4 ja helppohoitoista lemmikki\u00e4, joka vaatii kuitenkin rodusta riippumatta p\u00e4ivitt\u00e4ist\u00e4 huolenpitoa ja hoitoa.<\/p>\n<p>Rotukissayhdistykseen voi kuulua, vaikkei omistaisi rotukissaa, eik\u00e4 k\u00e4visi oman kissan kanssa n\u00e4yttelyiss\u00e4. J\u00e4senetuihin kuuluu mm. Kissaliiton KISSA-lehti, SUROKin j\u00e4senille kuuluva j\u00e4senlehti SUROKISSA, s\u00e4hk\u00f6inen j\u00e4sentiedote eSurokissa, ja tietysti oikeus osallistua kaikkiin j\u00e4sentapahtumiimme.<\/p>\n<p><iframe loading=\"lazy\" title=\"Kissa muuttaa kotiin\" width=\"750\" height=\"422\" src=\"https:\/\/www.youtube.com\/embed\/WgfEuZ6Pbh4?feature=oembed\" frameborder=\"0\" allow=\"accelerometer; autoplay; clipboard-write; encrypted-media; gyroscope; picture-in-picture\" allowfullscreen><\/iframe><\/p>\n<p>Videomuodossa oleva tietopaketti &#8220;Kun kissa muuttaa kotiin&#8221;. Tekij\u00e4:Yhteishyv\u00e4 Asiantuntijana: Rotukissakasvattaja ja kansainv\u00e4linen kissatuomari, Arja Martikainen<\/p>\n<p>&nbsp;<\/p>\n","protected":false},"excerpt":{"rendered":"<p>SUROKin historiaa Suomen Rotukissayhdistys ry (SUROK) on uranuurtaja Suomen rotukissatoiminnassa. Yhdistys perustettiin 29.09.1960 nimell\u00e4 Helsingin Rotukissayhdistys ry. J\u00e4senm\u00e4\u00e4r\u00e4 kasvoi kuitenkin voimakkaasti ja tasaisesti ymp\u00e4ri Suomea, joten nimenmuutos katsottiin aiheelliseksi v. 1967. Perustamisvuonna yhdistykseen kuului 20 j\u00e4sent\u00e4 kasvaen toisen toimintavuoden aikana 60:een. T\u00e4ll\u00e4 hetkell\u00e4 yhdistyksen j\u00e4senm\u00e4\u00e4r\u00e4 on n. 2000. Suomen Rotukissayhdistyksen&#8230;<\/p>\n<p> <a class=\"continue-reading-link\" href=\"https:\/\/www.surok.fi\/koti\/yhdistys\/\"><span>Continue reading<\/span><i class=\"crycon-right-dir\"><\/i><\/a> <\/p>\n","protected":false},"author":1,"featured_media":0,"parent":0,"menu_order":0,"comment_status":"closed","ping_status":"closed","template":"","meta":{"footnotes":""},"class_list":["post-11","page","type-page","status-publish","hentry"],"_links":{"self":[{"href":"https:\/\/www.surok.fi\/koti\/wp-json\/wp\/v2\/pages\/11","targetHints":{"allow":["GET"]}}],"collection":[{"href":"https:\/\/www.surok.fi\/koti\/wp-json\/wp\/v2\/pages"}],"about":[{"href":"https:\/\/www.surok.fi\/koti\/wp-json\/wp\/v2\/types\/page"}],"author":[{"embeddable":true,"href":"https:\/\/www.surok.fi\/koti\/wp-json\/wp\/v2\/users\/1"}],"replies":[{"embeddable":true,"href":"https:\/\/www.surok.fi\/koti\/wp-json\/wp\/v2\/comments?post=11"}],"version-history":[{"count":6,"href":"https:\/\/www.surok.fi\/koti\/wp-json\/wp\/v2\/pages\/11\/revisions"}],"predecessor-version":[{"id":58,"href":"https:\/\/www.surok.fi\/koti\/wp-json\/wp\/v2\/pages\/11\/revisions\/58"}],"wp:attachment":[{"href":"https:\/\/www.surok.fi\/koti\/wp-json\/wp\/v2\/media?parent=11"}],"curies":[{"name":"wp","href":"https:\/\/api.w.org\/{rel}","templated":true}]}}