{"id":133,"date":"2022-07-18T13:54:45","date_gmt":"2022-07-18T10:54:45","guid":{"rendered":"http:\/\/www.surok.fi\/koti\/?page_id=133"},"modified":"2026-02-26T09:11:59","modified_gmt":"2026-02-26T07:11:59","slug":"tulevat-tapahtumat","status":"publish","type":"page","link":"https:\/\/www.surok.fi\/koti\/nayttelyt-ja-tapahtumat\/tulevat-tapahtumat\/","title":{"rendered":"Tulevat tapahtumat"},"content":{"rendered":"<p><strong>7.-8.3.2026 KANSAINV\u00c4LINEN KISSAN\u00c4YTTELY<br \/>\n<\/strong><span style=\"font-family: 'Source Sans Pro';\">J\u00e4rvenp\u00e4\u00e4, Aino Areena<br \/>\n<\/span><span style=\"font-family: 'Source Sans Pro';\">Jaettu kategorioittain:<br \/>\n7.3. lauantai kategoriat 2 &amp; 3,<br \/>\n8.3. sunnuntai kategoriat 1 &amp; 4 ja kotikissat<br \/>\n<a href=\"https:\/\/www.surok.fi\/koti\/wp-content\/uploads\/2025\/12\/2026_03-SUROK-kutsu.pdf\" target=\"_blank\" rel=\"noopener\">N\u00c4YTTELYN KUTSU<\/a> &#8211; <a href=\"https:\/\/www.surok.fi\/koti\/wp-content\/uploads\/2025\/12\/2026_03-SUROK-invitation.pdf\" target=\"_blank\" rel=\"noopener\">SHOW INVITATION<\/a><br \/>\n<\/span><\/p>\n<p><strong>25.3.2026 KEV\u00c4TKOKOUS<\/strong><br \/>\nHelsingg\u00e5rd, Tikkurila<br \/>\n<a href=\"https:\/\/www.surok.fi\/koti\/wp-content\/uploads\/2026\/02\/Kevatkokous-2026-kutsu.docx\" target=\"_blank\" rel=\"noopener\">Kokouskutsu<\/a><\/p>\n<p><strong>8.-9.8.2026 KANSAINV\u00c4LINEN KISSAN\u00c4YTTELY<br \/>\n<\/strong>Lahti, Lahti Halli<br \/>\nKaikki kategoriat molempina p\u00e4ivin\u00e4<br \/>\nLauantaina 8.8. ABY &amp; SOM BreedBIS<\/p>\n","protected":false},"excerpt":{"rendered":"<p>7.-8.3.2026 KANSAINV\u00c4LINEN KISSAN\u00c4YTTELY J\u00e4rvenp\u00e4\u00e4, Aino Areena Jaettu kategorioittain: 7.3. lauantai kategoriat 2 &amp; 3, 8.3. sunnuntai kategoriat 1 &amp; 4 ja kotikissat N\u00c4YTTELYN KUTSU &#8211; SHOW INVITATION 25.3.2026 KEV\u00c4TKOKOUS Helsingg\u00e5rd, Tikkurila Kokouskutsu 8.-9.8.2026 KANSAINV\u00c4LINEN KISSAN\u00c4YTTELY Lahti, Lahti Halli Kaikki kategoriat molempina p\u00e4ivin\u00e4 Lauantaina 8.8. ABY &amp; SOM BreedBIS<\/p>\n<p> <a class=\"continue-reading-link\" href=\"https:\/\/www.surok.fi\/koti\/nayttelyt-ja-tapahtumat\/tulevat-tapahtumat\/\"><span>Continue reading<\/span><i class=\"crycon-right-dir\"><\/i><\/a> <\/p>\n","protected":false},"author":2,"featured_media":0,"parent":17,"menu_order":1,"comment_status":"closed","ping_status":"closed","template":"","meta":{"footnotes":""},"class_list":["post-133","page","type-page","status-publish","hentry"],"_links":{"self":[{"href":"https:\/\/www.surok.fi\/koti\/wp-json\/wp\/v2\/pages\/133","targetHints":{"allow":["GET"]}}],"collection":[{"href":"https:\/\/www.surok.fi\/koti\/wp-json\/wp\/v2\/pages"}],"about":[{"href":"https:\/\/www.surok.fi\/koti\/wp-json\/wp\/v2\/types\/page"}],"author":[{"embeddable":true,"href":"https:\/\/www.surok.fi\/koti\/wp-json\/wp\/v2\/users\/2"}],"replies":[{"embeddable":true,"href":"https:\/\/www.surok.fi\/koti\/wp-json\/wp\/v2\/comments?post=133"}],"version-history":[{"count":33,"href":"https:\/\/www.surok.fi\/koti\/wp-json\/wp\/v2\/pages\/133\/revisions"}],"predecessor-version":[{"id":896,"href":"https:\/\/www.surok.fi\/koti\/wp-json\/wp\/v2\/pages\/133\/revisions\/896"}],"up":[{"embeddable":true,"href":"https:\/\/www.surok.fi\/koti\/wp-json\/wp\/v2\/pages\/17"}],"wp:attachment":[{"href":"https:\/\/www.surok.fi\/koti\/wp-json\/wp\/v2\/media?parent=133"}],"curies":[{"name":"wp","href":"https:\/\/api.w.org\/{rel}","templated":true}]}}