{"id":17,"date":"2022-07-17T19:53:13","date_gmt":"2022-07-17T16:53:13","guid":{"rendered":"http:\/\/www.surok.fi\/koti\/?page_id=17"},"modified":"2026-03-07T08:05:53","modified_gmt":"2026-03-07T06:05:53","slug":"nayttelyt-ja-tapahtumat","status":"publish","type":"page","link":"https:\/\/www.surok.fi\/koti\/nayttelyt-ja-tapahtumat\/","title":{"rendered":"N\u00e4yttelyt ja tapahtumat \/ Shows"},"content":{"rendered":"<p><strong>185. &amp; 186. KANSAINV\u00c4LISET N\u00c4YTTELYT, J\u00c4RVENP\u00c4\u00c4<br \/>\nINTERNATIONAL SHOWS, J\u00c4RVENP\u00c4\u00c4<\/strong><\/p>\n<p>Kategorioittain jaettu, 2 serti\u00e4 \/ p\u00e4iv\u00e4.<br \/>\nLauantai 7.3. kategoriat 2 &amp; 3, sunnuntai 8.3. kategoriat 1,4 ja kotikissat<\/p>\n<p>Ilmoittautumiset &#8211; Entries: 1.1.-1.2.2026<\/p>\n<p><strong>TUOMARIT &#8211; JUDGES<\/strong><br \/>\nKatarina Balikova (SK) 1,2<br \/>\nLena Bj\u00f6rkander (SE) 1,2,4<br \/>\nMichael Edstr\u00f6m (SE) AB<br \/>\nThea Friskovec-Keller (CH) AB<br \/>\nDominika Halicka (SK) AB<br \/>\nTatyana Moraru-Puranen (FI) 2,3,4<br \/>\nRobert Nowak (PL) 1,3,4<br \/>\nRui Pacheco (IT) AB<br \/>\nSusanna Piispanen (FI) 2,4<br \/>\nCarin Sahlberg (FI) AB<br \/>\nCristiano Federico Sandon (IT) 1,2,4<br \/>\nAlexey Schcukin (NL) AB<br \/>\nFrensly A. (Lee) Selassa (NL) 1,2<br \/>\nCharles Spijker (NL) AB<br \/>\nMalin Sundqvist (SE) 1,2<\/p>\n<p><a href=\"https:\/\/www.surok.fi\/koti\/wp-content\/uploads\/2025\/12\/2026_03-SUROK-kutsu.pdf\" target=\"_blank\" rel=\"noopener\">N\u00c4YTTELYN KUTSU<\/a> &#8211; <a href=\"https:\/\/www.surok.fi\/koti\/wp-content\/uploads\/2025\/12\/2026_03-SUROK-invitation.pdf\" target=\"_blank\" rel=\"noopener\">SHOW INVITATION<\/a><\/p>\n<p><a href=\"https:\/\/www.surok.fi\/koti\/wp-content\/uploads\/2026\/02\/infokirje_Jarvenpaa_2026.pdf\" target=\"_blank\" rel=\"noopener\">INFOKIRJE N\u00c4YTTEILLEASETTAJILLE<\/a><\/p>\n<p><a href=\"https:\/\/www.surok.fi\/koti\/wp-content\/uploads\/2026\/03\/Judge_Divisions_SUROK_0326.pdf\" target=\"_blank\" rel=\"noopener\">TUOMARIJAKO &#8211; JUDGING DIVISION<\/a><\/p>\n<p><a href=\"https:\/\/www.surok.fi\/koti\/wp-content\/uploads\/2026\/03\/luettelo_maalis26web.pdf\" target=\"_blank\" rel=\"noopener\">N\u00c4YTTELYLUETTELO &#8211; SHOW CATALOGUE<\/a> (pdf)<br \/>\n(avataan &#8211; available on 7.3.2026)<\/p>\n<div class=\"xdj266r x14z9mp xat24cr x1lziwak x1vvkbs x126k92a\">\n<div dir=\"auto\"><strong>N\u00c4YTTELYSS\u00c4 MUKANA MYYNTIOSASTOT<\/strong><\/div>\n<div dir=\"auto\">Kasside ilusalong \/ <span class=\"html-span xdj266r x14z9mp xat24cr x1lziwak xexx8yu xyri2b x18d9i69 x1c1uobl x1hl2dhg x16tdsg8 x1vvkbs\"><a class=\"x1i10hfl xjbqb8w x1ejq31n x18oe1m7 x1sy0etr xstzfhl x972fbf x10w94by x1qhh985 x14e42zd x9f619 x1ypdohk xt0psk2 x3ct3a4 xdj266r x14z9mp xat24cr x1lziwak xexx8yu xyri2b x18d9i69 x1c1uobl x16tdsg8 x1hl2dhg xggy1nq x1a2a7pz xkrqix3 x1sur9pj x1fey0fg x1s688f\" tabindex=\"0\" role=\"link\" href=\"https:\/\/l.facebook.com\/l.php?u=https%3A%2F%2Fkassideilusalong.eu%2F%3Ffbclid%3DIwZXh0bgNhZW0CMTAAYnJpZBEwQ1BnWHFLak91bkZ5RFpCcHNydGMGYXBwX2lkEDIyMjAzOTE3ODgyMDA4OTIAAR6jHaL9cTm3lmUCtPEf4HKWWs39Gt4OVkT5SZuX7JngCyPw9sInYNy7TTdEYQ_aem_bQ69IzaI7NLzw4i1qd7wNQ&amp;h=AT7YDmACQnQXU8tZ3op4BQOdrKtSlOQDEji5x1-E0sYQ5pFAiG0G8dU8kJpWqTIXyIUbjk4i-O2iQXlFdB3kzLRCLHk2APuKeVviyCvEmEccEc1KxUVKBHXrrPSaKKI9DHrEi5GUpD7lgw&amp;__tn__=-UK-R&amp;c[0]=AT5i2ncyJoQoTiBOPI0fJnku_HbyDWTresUfFmNQevksyFBhYX3E-JaeNfCiURS5cFxw0uYSHfKwjLBrltbxN4RurZtCk-MomAVR9EZIHF8drwXWqa27aESm1hU5NyJ8HU1nyJosfcwg1poM-r9bhmSxXxkYXAjMcLkJxTliuoywm5dDqKNAoLb_FpeKRIsOG3saepuK8SEjz7A-7Dr9YCuUzec5rHyPcm4De4s\" target=\"_blank\" rel=\"nofollow noopener noreferrer\">https:\/\/kassideilusalong.eu\/<\/a><\/span><\/div>\n<div dir=\"auto\">Pupun puoti \/ <span class=\"html-span xdj266r x14z9mp xat24cr x1lziwak xexx8yu xyri2b x18d9i69 x1c1uobl x1hl2dhg x16tdsg8 x1vvkbs\"><a class=\"x1i10hfl xjbqb8w x1ejq31n x18oe1m7 x1sy0etr xstzfhl x972fbf x10w94by x1qhh985 x14e42zd x9f619 x1ypdohk xt0psk2 x3ct3a4 xdj266r x14z9mp xat24cr x1lziwak xexx8yu xyri2b x18d9i69 x1c1uobl x16tdsg8 x1hl2dhg xggy1nq x1a2a7pz xkrqix3 x1sur9pj x1fey0fg x1s688f\" tabindex=\"0\" role=\"link\" href=\"https:\/\/puoti.pupun.fi\/?fbclid=IwZXh0bgNhZW0CMTAAYnJpZBEwQ1BnWHFLak91bkZ5RFpCcHNydGMGYXBwX2lkEDIyMjAzOTE3ODgyMDA4OTIAAR6jHaL9cTm3lmUCtPEf4HKWWs39Gt4OVkT5SZuX7JngCyPw9sInYNy7TTdEYQ_aem_bQ69IzaI7NLzw4i1qd7wNQ\" target=\"_blank\" rel=\"nofollow noopener noreferrer\">https:\/\/puoti.pupun.fi\/<\/a><\/span><\/div>\n<div dir=\"auto\">Karvaiset ja karvattomat \/ <span class=\"html-span xdj266r x14z9mp xat24cr x1lziwak xexx8yu xyri2b x18d9i69 x1c1uobl x1hl2dhg x16tdsg8 x1vvkbs\"><a class=\"x1i10hfl xjbqb8w x1ejq31n x18oe1m7 x1sy0etr xstzfhl x972fbf x10w94by x1qhh985 x14e42zd x9f619 x1ypdohk xt0psk2 x3ct3a4 xdj266r x14z9mp xat24cr x1lziwak xexx8yu xyri2b x18d9i69 x1c1uobl x16tdsg8 x1hl2dhg xggy1nq x1a2a7pz xkrqix3 x1sur9pj x1fey0fg x1s688f\" tabindex=\"0\" role=\"link\" href=\"https:\/\/l.facebook.com\/l.php?u=http%3A%2F%2Fwww.karvaisetjakarvattomat.com%2F%3Ffbclid%3DIwZXh0bgNhZW0CMTAAYnJpZBEwQ1BnWHFLak91bkZ5RFpCcHNydGMGYXBwX2lkEDIyMjAzOTE3ODgyMDA4OTIAAR6jHaL9cTm3lmUCtPEf4HKWWs39Gt4OVkT5SZuX7JngCyPw9sInYNy7TTdEYQ_aem_bQ69IzaI7NLzw4i1qd7wNQ&amp;h=AT5VctV3WXN-C0RVQ1Ju5uM_TlwddQ8Mv3pf5IqS8g3z7j6LrXlh-IPVifaeBmK9i1i5ov5U7Kzm6dpy99XKxfzkJupLFv5Hq_pgTSN-D-EjuNQFCfNbo2PlX1OpfdfeelmDjsk0hPdovA&amp;__tn__=-UK-R&amp;c[0]=AT5i2ncyJoQoTiBOPI0fJnku_HbyDWTresUfFmNQevksyFBhYX3E-JaeNfCiURS5cFxw0uYSHfKwjLBrltbxN4RurZtCk-MomAVR9EZIHF8drwXWqa27aESm1hU5NyJ8HU1nyJosfcwg1poM-r9bhmSxXxkYXAjMcLkJxTliuoywm5dDqKNAoLb_FpeKRIsOG3saepuK8SEjz7A-7Dr9YCuUzec5rHyPcm4De4s\" target=\"_blank\" rel=\"nofollow noopener noreferrer\">www.karvaisetjakarvattomat.com<\/a><\/span><\/div>\n<div dir=\"auto\">Agria \/ <span class=\"html-span xdj266r x14z9mp xat24cr x1lziwak xexx8yu xyri2b x18d9i69 x1c1uobl x1hl2dhg x16tdsg8 x1vvkbs\"><a class=\"x1i10hfl xjbqb8w x1ejq31n x18oe1m7 x1sy0etr xstzfhl x972fbf x10w94by x1qhh985 x14e42zd x9f619 x1ypdohk xt0psk2 x3ct3a4 xdj266r x14z9mp xat24cr x1lziwak xexx8yu xyri2b x18d9i69 x1c1uobl x16tdsg8 x1hl2dhg xggy1nq x1a2a7pz xkrqix3 x1sur9pj x1fey0fg x1s688f\" tabindex=\"0\" role=\"link\" href=\"https:\/\/www.agria.fi\/kissa\/kissavakuutus\/?fbclid=IwZXh0bgNhZW0CMTAAYnJpZBEwQ1BnWHFLak91bkZ5RFpCcHNydGMGYXBwX2lkEDIyMjAzOTE3ODgyMDA4OTIAAR6jHaL9cTm3lmUCtPEf4HKWWs39Gt4OVkT5SZuX7JngCyPw9sInYNy7TTdEYQ_aem_bQ69IzaI7NLzw4i1qd7wNQ\" target=\"_blank\" rel=\"nofollow noopener noreferrer\">https:\/\/www.agria.fi\/kissa\/kissavakuutus\/<\/a><\/span><\/div>\n<div dir=\"auto\">Ananimalab &amp; Kissanpy\u00f6r\u00e4 \/ <span class=\"html-span xdj266r x14z9mp xat24cr x1lziwak xexx8yu xyri2b x18d9i69 x1c1uobl x1hl2dhg x16tdsg8 x1vvkbs\"><a class=\"x1i10hfl xjbqb8w x1ejq31n x18oe1m7 x1sy0etr xstzfhl x972fbf x10w94by x1qhh985 x14e42zd x9f619 x1ypdohk xt0psk2 x3ct3a4 xdj266r x14z9mp xat24cr x1lziwak xexx8yu xyri2b x18d9i69 x1c1uobl x16tdsg8 x1hl2dhg xggy1nq x1a2a7pz xkrqix3 x1sur9pj x1fey0fg x1s688f\" tabindex=\"0\" role=\"link\" href=\"https:\/\/kissanpyora.fi\/?fbclid=IwZXh0bgNhZW0CMTAAYnJpZBEwQ1BnWHFLak91bkZ5RFpCcHNydGMGYXBwX2lkEDIyMjAzOTE3ODgyMDA4OTIAAR50F2d-6NvgdSzvColGIw2JoRv2n56cSJHZNkHmqQRHYr9TXCgsUpteKZ4Bcw_aem_GeqTkkqp2pnYUTVxoLGR_A\" target=\"_blank\" rel=\"nofollow noopener noreferrer\">https:\/\/kissanpyora.fi\/<\/a><\/span><\/div>\n<div dir=\"auto\">Eija Koponen \/ k\u00e4sinmaalattuja kierr\u00e4tysasusteita<\/div>\n<div dir=\"auto\">V.I.Pet \/ <span class=\"html-span xdj266r x14z9mp xat24cr x1lziwak xexx8yu xyri2b x18d9i69 x1c1uobl x1hl2dhg x16tdsg8 x1vvkbs\"><a class=\"x1i10hfl xjbqb8w x1ejq31n x18oe1m7 x1sy0etr xstzfhl x972fbf x10w94by x1qhh985 x14e42zd x9f619 x1ypdohk xt0psk2 x3ct3a4 xdj266r x14z9mp xat24cr x1lziwak xexx8yu xyri2b x18d9i69 x1c1uobl x16tdsg8 x1hl2dhg xggy1nq x1a2a7pz xkrqix3 x1sur9pj x1fey0fg x1s688f\" tabindex=\"0\" role=\"link\" href=\"https:\/\/www.vipet.fi\/?fbclid=IwZXh0bgNhZW0CMTAAYnJpZBEwQ1BnWHFLak91bkZ5RFpCcHNydGMGYXBwX2lkEDIyMjAzOTE3ODgyMDA4OTIAAR7Vh0rxXG0hs8aBl52n7Gjf0k34MzbV0eD71W4BoPgrK8MKe8rL2iCM_Xvckw_aem_LNE_hoq2trOQTCnN4O5KNQ\" target=\"_blank\" rel=\"nofollow noopener noreferrer\">www.vipet.fi<\/a><\/span><\/div>\n<div dir=\"auto\">Ruohotupa \/ <span class=\"html-span xdj266r x14z9mp xat24cr x1lziwak xexx8yu xyri2b x18d9i69 x1c1uobl x1hl2dhg x16tdsg8 x1vvkbs\"><a class=\"x1i10hfl xjbqb8w x1ejq31n x18oe1m7 x1sy0etr xstzfhl x972fbf x10w94by x1qhh985 x14e42zd x9f619 x1ypdohk xt0psk2 x3ct3a4 xdj266r x14z9mp xat24cr x1lziwak xexx8yu xyri2b x18d9i69 x1c1uobl x16tdsg8 x1hl2dhg xggy1nq x1a2a7pz xkrqix3 x1sur9pj x1fey0fg x1s688f\" tabindex=\"0\" role=\"link\" href=\"https:\/\/ruohotupa.vilkas.shop\/?fbclid=IwZXh0bgNhZW0CMTAAYnJpZBEwQ1BnWHFLak91bkZ5RFpCcHNydGMGYXBwX2lkEDIyMjAzOTE3ODgyMDA4OTIAAR47WK4ML2VjqMqLTjH-qL52gIz4BLKh-krW3RUMh2QRivAqM6uTkZiefUa_ng_aem_fFm2W6msLnhMCnrDQ5akuw\" target=\"_blank\" rel=\"nofollow noopener noreferrer\">https:\/\/ruohotupa.vilkas.shop\/<\/a><\/span><\/div>\n<div dir=\"auto\">Kaikenkarvaiset \/ <span class=\"html-span xdj266r x14z9mp xat24cr x1lziwak xexx8yu xyri2b x18d9i69 x1c1uobl x1hl2dhg x16tdsg8 x1vvkbs\"><a class=\"x1i10hfl xjbqb8w x1ejq31n x18oe1m7 x1sy0etr xstzfhl x972fbf x10w94by x1qhh985 x14e42zd x9f619 x1ypdohk xt0psk2 x3ct3a4 xdj266r x14z9mp xat24cr x1lziwak xexx8yu xyri2b x18d9i69 x1c1uobl x16tdsg8 x1hl2dhg xggy1nq x1a2a7pz xkrqix3 x1sur9pj x1fey0fg x1s688f\" tabindex=\"0\" role=\"link\" href=\"https:\/\/www.kaikenkarvaiset.com\/?fbclid=IwZXh0bgNhZW0CMTAAYnJpZBEwQ1BnWHFLak91bkZ5RFpCcHNydGMGYXBwX2lkEDIyMjAzOTE3ODgyMDA4OTIAAR50F2d-6NvgdSzvColGIw2JoRv2n56cSJHZNkHmqQRHYr9TXCgsUpteKZ4Bcw_aem_GeqTkkqp2pnYUTVxoLGR_A\" target=\"_blank\" rel=\"nofollow noopener noreferrer\">https:\/\/www.kaikenkarvaiset.com\/<\/a><\/span><\/div>\n<div dir=\"auto\">ja tietysti valokuvaus:<\/div>\n<div dir=\"auto\">Tessa \/ <span class=\"html-span xdj266r x14z9mp xat24cr x1lziwak xexx8yu xyri2b x18d9i69 x1c1uobl x1hl2dhg x16tdsg8 x1vvkbs\"><a class=\"x1i10hfl xjbqb8w x1ejq31n x18oe1m7 x1sy0etr xstzfhl x972fbf x10w94by x1qhh985 x14e42zd x9f619 x1ypdohk xt0psk2 x3ct3a4 xdj266r x14z9mp xat24cr x1lziwak xexx8yu xyri2b x18d9i69 x1c1uobl x16tdsg8 x1hl2dhg xggy1nq x1a2a7pz xkrqix3 x1sur9pj x1fey0fg x1s688f\" tabindex=\"0\" role=\"link\" href=\"https:\/\/l.facebook.com\/l.php?u=https%3A%2F%2Ftessa.lv%2F%3Ffbclid%3DIwZXh0bgNhZW0CMTAAYnJpZBEwQ1BnWHFLak91bkZ5RFpCcHNydGMGYXBwX2lkEDIyMjAzOTE3ODgyMDA4OTIAAR5WgaOXPpC-TFw8ZYvsJVpmx-bsiEwEz9mTlCbXvZ143aGntLL1EjtrvF2rFA_aem_H0CK3wpNgT-PiyS2k40WZg&amp;h=AT5rX4D4dG-r-znc9AxQAu1pj3Qo_jxnShslq9u8h9VJ020bCBdrd4oRMfRlEtbf_JlRGkhBeBekqn01yTLv8xqbGD_EAmp2eJ7nvGzAPY9zqmeMhEVIeKFGqIGl-H5VWD_wf6pGTohMMw&amp;__tn__=-UK-R&amp;c[0]=AT5i2ncyJoQoTiBOPI0fJnku_HbyDWTresUfFmNQevksyFBhYX3E-JaeNfCiURS5cFxw0uYSHfKwjLBrltbxN4RurZtCk-MomAVR9EZIHF8drwXWqa27aESm1hU5NyJ8HU1nyJosfcwg1poM-r9bhmSxXxkYXAjMcLkJxTliuoywm5dDqKNAoLb_FpeKRIsOG3saepuK8SEjz7A-7Dr9YCuUzec5rHyPcm4De4s\" target=\"_blank\" rel=\"nofollow noopener noreferrer\">https:\/\/tessa.lv\/<\/a><\/span><\/div>\n<\/div>\n<div class=\"x14z9mp xat24cr x1lziwak x1vvkbs xtlvy1s x126k92a\">\n<div dir=\"auto\">Mukana my\u00f6s Suomen Agilitykissat SAGIK ry<\/div>\n<div dir=\"auto\"><span class=\"html-span xdj266r x14z9mp xat24cr x1lziwak xexx8yu xyri2b x18d9i69 x1c1uobl x1hl2dhg x16tdsg8 x1vvkbs\"><a class=\"x1i10hfl xjbqb8w x1ejq31n x18oe1m7 x1sy0etr xstzfhl x972fbf x10w94by x1qhh985 x14e42zd x9f619 x1ypdohk xt0psk2 x3ct3a4 xdj266r x14z9mp xat24cr x1lziwak xexx8yu xyri2b x18d9i69 x1c1uobl x16tdsg8 x1hl2dhg xggy1nq x1a2a7pz xkrqix3 x1sur9pj x1fey0fg x1s688f\" tabindex=\"0\" role=\"link\" href=\"https:\/\/l.facebook.com\/l.php?u=https%3A%2F%2Fwww.agilitykissat.com%2F%3Ffbclid%3DIwZXh0bgNhZW0CMTAAYnJpZBEwQ1BnWHFLak91bkZ5RFpCcHNydGMGYXBwX2lkEDIyMjAzOTE3ODgyMDA4OTIAAR44XHEnGrU9RLqXxJuXDnHaiN4tssbz37k1D3Bal88OBXFldw3ZmDYKUDY-Ww_aem_WYpVrOCcC5dzMobANmmwbA&amp;h=AT67fwZFnB9oQUAKiWjjnU-t8fWEvUf9XMp8JBSxwuBmdhQmYtKuvf7nHJKisDx3bmn0FQVQCSHRtntTtKAp-NWiyJg-rxFX_j06rLDvY6IVDc0xGB0IXqUAjGiDfd68kyAu5204uEuEYw&amp;__tn__=-UK-R&amp;c[0]=AT5i2ncyJoQoTiBOPI0fJnku_HbyDWTresUfFmNQevksyFBhYX3E-JaeNfCiURS5cFxw0uYSHfKwjLBrltbxN4RurZtCk-MomAVR9EZIHF8drwXWqa27aESm1hU5NyJ8HU1nyJosfcwg1poM-r9bhmSxXxkYXAjMcLkJxTliuoywm5dDqKNAoLb_FpeKRIsOG3saepuK8SEjz7A-7Dr9YCuUzec5rHyPcm4De4s\" target=\"_blank\" rel=\"nofollow noopener noreferrer\">https:\/\/www.agilitykissat.com\/<\/a><\/span><\/div>\n<\/div>\n","protected":false},"excerpt":{"rendered":"<p>185. &amp; 186. KANSAINV\u00c4LISET N\u00c4YTTELYT, J\u00c4RVENP\u00c4\u00c4 INTERNATIONAL SHOWS, J\u00c4RVENP\u00c4\u00c4 Kategorioittain jaettu, 2 serti\u00e4 \/ p\u00e4iv\u00e4. Lauantai 7.3. kategoriat 2 &amp; 3, sunnuntai 8.3. kategoriat 1,4 ja kotikissat Ilmoittautumiset &#8211; Entries: 1.1.-1.2.2026 TUOMARIT &#8211; JUDGES Katarina Balikova (SK) 1,2 Lena Bj\u00f6rkander (SE) 1,2,4 Michael Edstr\u00f6m (SE) AB Thea Friskovec-Keller (CH) AB&#8230;<\/p>\n<p> <a class=\"continue-reading-link\" href=\"https:\/\/www.surok.fi\/koti\/nayttelyt-ja-tapahtumat\/\"><span>Continue reading<\/span><i class=\"crycon-right-dir\"><\/i><\/a> <\/p>\n","protected":false},"author":1,"featured_media":0,"parent":0,"menu_order":0,"comment_status":"closed","ping_status":"closed","template":"","meta":{"footnotes":""},"class_list":["post-17","page","type-page","status-publish","hentry"],"_links":{"self":[{"href":"https:\/\/www.surok.fi\/koti\/wp-json\/wp\/v2\/pages\/17","targetHints":{"allow":["GET"]}}],"collection":[{"href":"https:\/\/www.surok.fi\/koti\/wp-json\/wp\/v2\/pages"}],"about":[{"href":"https:\/\/www.surok.fi\/koti\/wp-json\/wp\/v2\/types\/page"}],"author":[{"embeddable":true,"href":"https:\/\/www.surok.fi\/koti\/wp-json\/wp\/v2\/users\/1"}],"replies":[{"embeddable":true,"href":"https:\/\/www.surok.fi\/koti\/wp-json\/wp\/v2\/comments?post=17"}],"version-history":[{"count":100,"href":"https:\/\/www.surok.fi\/koti\/wp-json\/wp\/v2\/pages\/17\/revisions"}],"predecessor-version":[{"id":949,"href":"https:\/\/www.surok.fi\/koti\/wp-json\/wp\/v2\/pages\/17\/revisions\/949"}],"wp:attachment":[{"href":"https:\/\/www.surok.fi\/koti\/wp-json\/wp\/v2\/media?parent=17"}],"curies":[{"name":"wp","href":"https:\/\/api.w.org\/{rel}","templated":true}]}}