{"id":52,"date":"2022-07-18T09:03:33","date_gmt":"2022-07-18T06:03:33","guid":{"rendered":"http:\/\/www.surok.fi\/koti\/?page_id=52"},"modified":"2022-07-18T11:08:03","modified_gmt":"2022-07-18T08:08:03","slug":"toimintasuunnitelma","status":"publish","type":"page","link":"https:\/\/www.surok.fi\/koti\/yhdistys\/toimintasuunnitelma\/","title":{"rendered":"Toimintasuunnitelma"},"content":{"rendered":"<p><span class=\"Otsikko2Char\"><span style=\"font-size: 13.0pt;\">Toimintasuunnitelma 2022<\/span><\/span><br \/>\n<span style=\"font-size: 10.5pt; font-family: 'Trebuchet MS',sans-serif; color: #2d2d2d;\">YLEIST\u00c4<\/span><\/p>\n<p style=\"font-variant-ligatures: normal; font-variant-caps: normal; orphans: 2; text-align: start; widows: 2; -webkit-text-stroke-width: 0px; text-decoration-thickness: initial; text-decoration-style: initial; text-decoration-color: initial; word-spacing: 0px;\"><span style=\"font-size: 10.5pt; font-family: 'Trebuchet MS',sans-serif; color: #2d2d2d;\">Suomen Rotukissayhdistys jatkaa vuonna 2022 aktiivista rooliaan rotukissaty\u00f6n edist\u00e4j\u00e4n\u00e4 ja kehitt\u00e4j\u00e4n\u00e4 yhteisty\u00f6ss\u00e4 Suomen Kissaliitto ry:n, toisten rotukissayhdistysten ja rotuyhdistysten kanssa. Yhdistys huolehtii osaltaan siit\u00e4, ett\u00e4 Kissaliiton hallitukseen ja toimikuntiin valitaan asiantuntevia ja aktiivisia j\u00e4seni\u00e4, joiden avulla koko harrastuksen tunnettavuus ja kissatietous maassamme lis\u00e4\u00e4ntyy.<\/span><\/p>\n<p style=\"font-variant-ligatures: normal; font-variant-caps: normal; orphans: 2; text-align: start; widows: 2; -webkit-text-stroke-width: 0px; text-decoration-thickness: initial; text-decoration-style: initial; text-decoration-color: initial; word-spacing: 0px;\"><span style=\"font-size: 10.5pt; font-family: 'Trebuchet MS',sans-serif; color: #2d2d2d;\">HALLITUKSEN TOIMINTA<br \/>\nTeht\u00e4v\u00e4t jaetaan\u00a0<a href=\"yhteystiedot\" target=\"_blank\" rel=\"noopener\"><span style=\"color: #0e75ab; text-decoration: none; text-underline: none;\">hallituksessa\u00a0<\/span><\/a>mahdollisimman tasan kunkin j\u00e4senen vahvuuksien mukaan. Teht\u00e4vi\u00e4 voidaan jakaa my\u00f6s hallituksen ulkopuolisille henkil\u00f6ille.<\/span><\/p>\n<p style=\"font-variant-ligatures: normal; font-variant-caps: normal; orphans: 2; text-align: start; widows: 2; -webkit-text-stroke-width: 0px; text-decoration-thickness: initial; text-decoration-style: initial; text-decoration-color: initial; word-spacing: 0px;\"><span style=\"font-size: 10.5pt; font-family: 'Trebuchet MS',sans-serif; color: #2d2d2d;\">J\u00c4SENTOIMINTA<br \/>\nSUROKin hallitus ideoi erilaisia j\u00e4sentapahtumia vuodelle 2022. J\u00e4sentapahtumat voivat olla vapaamuotoisia yhteistapahtumia tai teemallisia, niihin voidaan kutsua mm. el\u00e4inl\u00e4\u00e4k\u00e4reit\u00e4, rotukissatuomareita tai muita asiantuntijoita esitelm\u00f6im\u00e4\u00e4n ja vastaamaan kysymyksiin. SUROK palvelee kasvattajaj\u00e4seni\u00e4\u00e4n s\u00e4hk\u00f6isen INSIDE-palvelun kautta, jonka avulla kasvattajat voivat itse lis\u00e4t\u00e4 kissalansa ja pentunsa listalle.<\/span><\/p>\n<p style=\"font-variant-ligatures: normal; font-variant-caps: normal; orphans: 2; text-align: start; widows: 2; -webkit-text-stroke-width: 0px; text-decoration-thickness: initial; text-decoration-style: initial; text-decoration-color: initial; word-spacing: 0px;\"><span style=\"font-size: 10.5pt; font-family: 'Trebuchet MS',sans-serif; color: #2d2d2d;\">N\u00c4YTTELYTOIMINTA<br \/>\nVuonna 2022 SUROK j\u00e4rjest\u00e4\u00e4 nelj\u00e4 (4) kansainv\u00e4list\u00e4 n\u00e4yttely\u00e4: kategorioittain jaetun n\u00e4yttelyn 29.-30.1.2022 Helsingiss\u00e4 Suvilahden Kattilahallissa sek\u00e4 kahden sertin perinteisen n\u00e4yttelyn 23.-24.1.2022<\/span><span style=\"font-size: 11pt; font-family: 'Times New Roman', serif;\"><span style=\"font-size: 11.0pt; color: #2d2d2d;\">\u00a0<\/span><\/span><span style=\"font-size: 10.5pt; font-family: 'Trebuchet MS',sans-serif; color: #2d2d2d;\">Lahdessa, Lahti Hallissa. Vuoden aikana pyrit\u00e4\u00e4n j\u00e4rjest\u00e4m\u00e4\u00e4n my\u00f6s esittelyn\u00e4yttely.<\/span><\/p>\n<p style=\"font-variant-ligatures: normal; font-variant-caps: normal; orphans: 2; text-align: start; widows: 2; -webkit-text-stroke-width: 0px; text-decoration-thickness: initial; text-decoration-style: initial; text-decoration-color: initial; word-spacing: 0px;\"><span style=\"font-size: 10.5pt; font-family: 'Trebuchet MS',sans-serif; color: #2d2d2d;\">KOULUTUS<br \/>\nYhdistys jatkaa tuomarikoulutuksen tukemista j\u00e4rjest\u00e4m\u00e4ll\u00e4 tuomarioppilaspaikkoja ja tutkintotilaisuuksia n\u00e4yttelyiss\u00e4\u00e4n. Oppilaspaikkoja my\u00f6nnet\u00e4\u00e4n tasapuolisesti, mahdollisuuksien mukaan v\u00e4hint\u00e4\u00e4n 2 \/ n\u00e4yttely. Yhdistys tukee Suomen Kissaliitto ry:n koulutustoimintaa sek\u00e4 j\u00e4rjest\u00e4\u00e4 my\u00f6s itse erilaisia koulutustapahtumia kissanomistajille, kasvattajille, assistenteille ja n\u00e4ytteilleasettajille. Vuoden 2022 alkupuolella j\u00e4rjestet\u00e4\u00e4n Assistenttikurssi jamahdollisesti my\u00f6s DNA testaajan koulutus. mik\u00e4li Kissaliitto saa sen koulutusmateriaalin valmiiksi.<\/span><\/p>\n<p style=\"font-variant-ligatures: normal; font-variant-caps: normal; orphans: 2; text-align: start; widows: 2; -webkit-text-stroke-width: 0px; text-decoration-thickness: initial; text-decoration-style: initial; text-decoration-color: initial; word-spacing: 0px;\"><span style=\"font-size: 10.5pt; font-family: 'Trebuchet MS',sans-serif; color: #2d2d2d;\">JULKAISU- JA SUHDETOIMINTA<br \/>\nSUROKISSA- j\u00e4senlehti julkaistaan nelj\u00e4 kertaa vuodessa. Sosiaalista mediaa ja s\u00e4hk\u00f6postitiedotteita k\u00e4ytet\u00e4\u00e4n apuna nopeassa tiedotuksessa. Hallituksen j\u00e4senet osallistuvat mahdollisuuksien mukaan PR-toimintaan mm. tiedotusv\u00e4lineiss\u00e4 ja esitelmien pidossa. Kotisivuja ja niiden tarjoamia palveluja kehitet\u00e4\u00e4n edelleen, my\u00f6s kotisivujen uusintaprojekti on suunnitteilla. SUROK edist\u00e4\u00e4 kissaharrastusta erilaisissa lemmikki- ja harrastetilaisuuksissa.<\/span><\/p>\n<p style=\"font-variant-ligatures: normal; font-variant-caps: normal; orphans: 2; text-align: start; widows: 2; -webkit-text-stroke-width: 0px; text-decoration-thickness: initial; text-decoration-style: initial; text-decoration-color: initial; word-spacing: 0px;\"><span style=\"font-size: 10.5pt; font-family: 'Trebuchet MS',sans-serif; color: #2d2d2d;\">TALOUS<br \/>\nVuonna 2022 talous pyrit\u00e4\u00e4n pit\u00e4m\u00e4\u00e4n vakaalla pohjalla koronaviruksen aiheuttamista rajoituksista huolimatta. N\u00e4yttelyiden sponsorina vuonna 2022 on sopimuskumppanina Royal Canin. Vakuutusyhteisty\u00f6kumppanina jatkaa Agria el\u00e4invakuutus. Yhdistys etsii aktiivisesti uusia j\u00e4senetuja tarjoavia yhteisty\u00f6kumppaneita. SUROK tukee el\u00e4insuojelutoimintaa tarjoamalla n\u00e4yttelyiss\u00e4\u00e4n ilmaisen esittelyosaston paikalliselle el\u00e4insuojeluyhdistykselle tai lahjoittamalla esim. n\u00e4yttelyiden tuomarilahjoihin varatut rahat sek\u00e4 erikseen sovitut j\u00e4senkampanjatuotot el\u00e4insuojelun hyv\u00e4ksi. Lis\u00e4ksi voidaan my\u00f6nt\u00e4\u00e4 apurahoja kissa-aiheiseen tutkimukseen.<\/span><\/p>\n<p style=\"font-variant-ligatures: normal; font-variant-caps: normal; orphans: 2; text-align: start; widows: 2; -webkit-text-stroke-width: 0px; text-decoration-thickness: initial; text-decoration-style: initial; text-decoration-color: initial; word-spacing: 0px;\"><span style=\"font-size: 10.5pt; font-family: 'Trebuchet MS',sans-serif; color: #2d2d2d;\">ALUEELLISET PIIRIT<br \/>\nSUROK antaa tukensa toimivalle piirilleen (<a href=\"https:\/\/www.facebook.com\/kymenpiiri\" target=\"_blank\" rel=\"noopener\"><span style=\"color: #0e75ab; text-decoration: none; text-underline: none;\">Kymen piiri<\/span><\/a>). Yhdistys tukee mahdollisuuksien mukaan piirin esittelyn\u00e4yttelyit\u00e4 mm. lainaamalla n\u00e4yttelykalustoa.<\/span><\/p>\n<p style=\"font-variant-ligatures: normal; font-variant-caps: normal; orphans: 2; text-align: start; widows: 2; -webkit-text-stroke-width: 0px; text-decoration-thickness: initial; text-decoration-style: initial; text-decoration-color: initial; word-spacing: 0px;\"><span style=\"font-size: 10.5pt; font-family: 'Trebuchet MS',sans-serif; color: #2d2d2d;\">YHTEISTY\u00d6 MUIDEN YHDISTYSTEN KANSSA<br \/>\nYhteisty\u00f6muodot Suomen Kissaliiton ja FIFen s\u00e4\u00e4nt\u00f6j\u00e4 noudattavien rotuyhdistysten sek\u00e4 muiden mahdollisten yhteisty\u00f6kumppaneiden kanssa muotoutuvat tarpeiden mukaan ja niist\u00e4 p\u00e4\u00e4tt\u00e4\u00e4 hallitus. SUROKin edustajat osallistuvat jatkossakin aktiivisesti Kissaliiton Omakissa-palvelun kehitysty\u00f6h\u00f6n. SUROK tarjoaa my\u00f6s n\u00e4yttelykalustoaan muiden rotukissayhdistyksien k\u00e4ytt\u00f6\u00f6n.<\/span><\/p>\n<p style=\"font-variant-ligatures: normal; font-variant-caps: normal; orphans: 2; text-align: start; widows: 2; -webkit-text-stroke-width: 0px; text-decoration-thickness: initial; text-decoration-style: initial; text-decoration-color: initial; word-spacing: 0px;\"><span style=\"font-size: 10.5pt; font-family: 'Trebuchet MS',sans-serif; color: #2d2d2d;\">SUROK Hallitus<\/span><\/p>\n","protected":false},"excerpt":{"rendered":"<p>Toimintasuunnitelma 2022 YLEIST\u00c4 Suomen Rotukissayhdistys jatkaa vuonna 2022 aktiivista rooliaan rotukissaty\u00f6n edist\u00e4j\u00e4n\u00e4 ja kehitt\u00e4j\u00e4n\u00e4 yhteisty\u00f6ss\u00e4 Suomen Kissaliitto ry:n, toisten rotukissayhdistysten ja rotuyhdistysten kanssa. Yhdistys huolehtii osaltaan siit\u00e4, ett\u00e4 Kissaliiton hallitukseen ja toimikuntiin valitaan asiantuntevia ja aktiivisia j\u00e4seni\u00e4, joiden avulla koko harrastuksen tunnettavuus ja kissatietous maassamme lis\u00e4\u00e4ntyy. HALLITUKSEN TOIMINTA Teht\u00e4v\u00e4t jaetaan\u00a0hallituksessa\u00a0mahdollisimman&#8230;<\/p>\n<p> <a class=\"continue-reading-link\" href=\"https:\/\/www.surok.fi\/koti\/yhdistys\/toimintasuunnitelma\/\"><span>Continue reading<\/span><i class=\"crycon-right-dir\"><\/i><\/a> <\/p>\n","protected":false},"author":2,"featured_media":0,"parent":11,"menu_order":4,"comment_status":"closed","ping_status":"closed","template":"","meta":{"footnotes":""},"class_list":["post-52","page","type-page","status-publish","hentry"],"_links":{"self":[{"href":"https:\/\/www.surok.fi\/koti\/wp-json\/wp\/v2\/pages\/52","targetHints":{"allow":["GET"]}}],"collection":[{"href":"https:\/\/www.surok.fi\/koti\/wp-json\/wp\/v2\/pages"}],"about":[{"href":"https:\/\/www.surok.fi\/koti\/wp-json\/wp\/v2\/types\/page"}],"author":[{"embeddable":true,"href":"https:\/\/www.surok.fi\/koti\/wp-json\/wp\/v2\/users\/2"}],"replies":[{"embeddable":true,"href":"https:\/\/www.surok.fi\/koti\/wp-json\/wp\/v2\/comments?post=52"}],"version-history":[{"count":1,"href":"https:\/\/www.surok.fi\/koti\/wp-json\/wp\/v2\/pages\/52\/revisions"}],"predecessor-version":[{"id":53,"href":"https:\/\/www.surok.fi\/koti\/wp-json\/wp\/v2\/pages\/52\/revisions\/53"}],"up":[{"embeddable":true,"href":"https:\/\/www.surok.fi\/koti\/wp-json\/wp\/v2\/pages\/11"}],"wp:attachment":[{"href":"https:\/\/www.surok.fi\/koti\/wp-json\/wp\/v2\/media?parent=52"}],"curies":[{"name":"wp","href":"https:\/\/api.w.org\/{rel}","templated":true}]}}