{"id":64,"date":"2022-07-18T09:39:05","date_gmt":"2022-07-18T06:39:05","guid":{"rendered":"http:\/\/www.surok.fi\/koti\/?page_id=64"},"modified":"2024-02-06T20:43:01","modified_gmt":"2024-02-06T18:43:01","slug":"yhteistyokumppanit","status":"publish","type":"page","link":"https:\/\/www.surok.fi\/koti\/yhdistys\/yhteistyokumppanit\/","title":{"rendered":"Yhteisty\u00f6kumppanit"},"content":{"rendered":"<h3><a name=\"_Toc109027593\"><\/a><strong>SPONSORIMME VUONNA 2023<\/strong><\/h3>\n<p><img loading=\"lazy\" decoding=\"async\" class=\"wp-image-97 alignnone\" src=\"https:\/\/www.surok.fi\/koti\/wp-content\/uploads\/2022\/07\/ROYAL_CANIN_Logo_600_200.jpg\" alt=\"\" width=\"315\" height=\"105\" srcset=\"https:\/\/www.surok.fi\/koti\/wp-content\/uploads\/2022\/07\/ROYAL_CANIN_Logo_600_200.jpg 600w, https:\/\/www.surok.fi\/koti\/wp-content\/uploads\/2022\/07\/ROYAL_CANIN_Logo_600_200-150x50.jpg 150w\" sizes=\"auto, (max-width: 315px) 100vw, 315px\" \/><br \/>\nN\u00e4yttelysponsoroinnista olemme tehneet sopimuksen Royal Canin Finland kanssa vuosille 2023-24.<br \/>\nIdeoimme yhdess\u00e4 my\u00f6s etuja ja tapahtumia j\u00e4senillemme &#8211; seuraa tiedotteitamme!<\/p>\n<h3>Muut yhteysty\u00f6kumppanit<\/h3>\n<p><img loading=\"lazy\" decoding=\"async\" class=\"alignleft wp-image-107\" src=\"https:\/\/www.surok.fi\/koti\/wp-content\/uploads\/2022\/07\/MyCatDNA.jpg\" alt=\"\" width=\"175\" height=\"172\" srcset=\"https:\/\/www.surok.fi\/koti\/wp-content\/uploads\/2022\/07\/MyCatDNA.jpg 501w, https:\/\/www.surok.fi\/koti\/wp-content\/uploads\/2022\/07\/MyCatDNA-150x147.jpg 150w\" sizes=\"auto, (max-width: 175px) 100vw, 175px\" \/><\/p>\n<p>SUROKin j\u00e4senet voivat hy\u00f6dynt\u00e4\u00e4 20% j\u00e4senalennuksen tilatessaan testipaneelin, ilman m\u00e4\u00e4r\u00e4rajoituksia.<\/p>\n<p>Alennuskoodi on heti k\u00e4ytett\u00e4viss\u00e4 koodilla Surok20 ja tarjoaa siis<strong> -20% alennuksen<\/strong> MyCatDNA -paneelista.<br \/>\nSivustolta saat usein my\u00f6s kampanja-alennuksia! Tutustu <a href=\"https:\/\/mycatdna.com\/\">https:\/\/mycatdna.com\/<\/a><br \/>\nAlennuskoodi on k\u00e4ytett\u00e4viss\u00e4 ainoastaan ilmoittamalla yhdistyksen\u00a0j\u00e4sennumerosi tilauksen yhteydess\u00e4 lis\u00e4tiedot -kent\u00e4ss\u00e4.<br \/>\nL\u00f6yd\u00e4t j\u00e4sennumeron Surokissa-lehden j\u00e4senkortin ylimm\u00e4lt\u00e4 rivilt\u00e4 tai Omakissasta.<\/p>\n<p>&nbsp;<\/p>\n<p><img loading=\"lazy\" decoding=\"async\" class=\"alignleft wp-image-452\" src=\"https:\/\/www.surok.fi\/koti\/wp-content\/uploads\/2024\/02\/Villimys-logo.jpg\" alt=\"Villimys logo\" width=\"181\" height=\"179\" srcset=\"https:\/\/www.surok.fi\/koti\/wp-content\/uploads\/2024\/02\/Villimys-logo.jpg 250w, https:\/\/www.surok.fi\/koti\/wp-content\/uploads\/2024\/02\/Villimys-logo-150x148.jpg 150w\" sizes=\"auto, (max-width: 181px) 100vw, 181px\" \/><\/p>\n<p>&nbsp;<\/p>\n<p>El\u00e4inl\u00e4\u00e4k\u00e4riasema VILLIMYS Lappeenrannassa my\u00f6nt\u00e4\u00e4 SUROKin j\u00e4senille el\u00e4inl\u00e4\u00e4k\u00e4rik\u00e4ynnist\u00e4 <strong>10% alennusta<\/strong> Surokissa-lehden takasivun j\u00e4senkorttia n\u00e4ytt\u00e4m\u00e4ll\u00e4 (pois lukien l\u00e4\u00e4kkeet).<\/p>\n<p>&nbsp;<\/p>\n<p>&nbsp;<\/p>\n","protected":false},"excerpt":{"rendered":"<p>SPONSORIMME VUONNA 2023 N\u00e4yttelysponsoroinnista olemme tehneet sopimuksen Royal Canin Finland kanssa vuosille 2023-24. Ideoimme yhdess\u00e4 my\u00f6s etuja ja tapahtumia j\u00e4senillemme &#8211; seuraa tiedotteitamme! Muut yhteysty\u00f6kumppanit SUROKin j\u00e4senet voivat hy\u00f6dynt\u00e4\u00e4 20% j\u00e4senalennuksen tilatessaan testipaneelin, ilman m\u00e4\u00e4r\u00e4rajoituksia. Alennuskoodi on heti k\u00e4ytett\u00e4viss\u00e4 koodilla Surok20 ja tarjoaa siis -20% alennuksen MyCatDNA -paneelista. Sivustolta saat&#8230;<\/p>\n<p> <a class=\"continue-reading-link\" href=\"https:\/\/www.surok.fi\/koti\/yhdistys\/yhteistyokumppanit\/\"><span>Continue reading<\/span><i class=\"crycon-right-dir\"><\/i><\/a> <\/p>\n","protected":false},"author":2,"featured_media":0,"parent":11,"menu_order":3,"comment_status":"closed","ping_status":"closed","template":"","meta":{"footnotes":""},"class_list":["post-64","page","type-page","status-publish","hentry"],"_links":{"self":[{"href":"https:\/\/www.surok.fi\/koti\/wp-json\/wp\/v2\/pages\/64","targetHints":{"allow":["GET"]}}],"collection":[{"href":"https:\/\/www.surok.fi\/koti\/wp-json\/wp\/v2\/pages"}],"about":[{"href":"https:\/\/www.surok.fi\/koti\/wp-json\/wp\/v2\/types\/page"}],"author":[{"embeddable":true,"href":"https:\/\/www.surok.fi\/koti\/wp-json\/wp\/v2\/users\/2"}],"replies":[{"embeddable":true,"href":"https:\/\/www.surok.fi\/koti\/wp-json\/wp\/v2\/comments?post=64"}],"version-history":[{"count":13,"href":"https:\/\/www.surok.fi\/koti\/wp-json\/wp\/v2\/pages\/64\/revisions"}],"predecessor-version":[{"id":455,"href":"https:\/\/www.surok.fi\/koti\/wp-json\/wp\/v2\/pages\/64\/revisions\/455"}],"up":[{"embeddable":true,"href":"https:\/\/www.surok.fi\/koti\/wp-json\/wp\/v2\/pages\/11"}],"wp:attachment":[{"href":"https:\/\/www.surok.fi\/koti\/wp-json\/wp\/v2\/media?parent=64"}],"curies":[{"name":"wp","href":"https:\/\/api.w.org\/{rel}","templated":true}]}}