{"id":77,"date":"2022-07-18T10:36:32","date_gmt":"2022-07-18T07:36:32","guid":{"rendered":"http:\/\/www.surok.fi\/koti\/?page_id=77"},"modified":"2025-10-27T15:05:58","modified_gmt":"2025-10-27T13:05:58","slug":"kissarodut","status":"publish","type":"page","link":"https:\/\/www.surok.fi\/koti\/kissarodut\/","title":{"rendered":"Kissarodut"},"content":{"rendered":"<p>Rotukissat jaetaan kattoj\u00e4rjest\u00f6ss\u00e4mme FIFess\u00e4 nelj\u00e4\u00e4n ryhm\u00e4\u00e4n eli kategoriaan turkin pituuden, rakenteen yms. perusteella seuraavasti:<\/p>\n<p>Kategoria 1: exotic, persialainen, pyh\u00e4 birma, ragdoll, turkkilainen van<\/p>\n<p>Kategoria 2: american curl lyhytkarvainen, american curl pitk\u00e4karvainen, laPerm lyhytkarvainen, laPerm pitk\u00e4karvainen, maine coon, neva masquerade, norjalainen mets\u00e4kissa, siperiankissa, turkkilainen angora<\/p>\n<p>Kategoria 3: bengali, brittil\u00e4inen lyhytkarva, brittil\u00e4inen pitk\u00e4karva, burma, burmilla, cymric, egyptinmau, eurooppalainen, kartusiaani, korat, kuriilien bobtail lyhytkarvainen, kuriilien bobtail pitk\u00e4karvainen, manx, ocicat, singapura, snowshoe, sokoke, selkirk rex lyhytkarvainen, selkirk rex pitk\u00e4karvainen<\/p>\n<p>Kategoria 4: abessinialainen, balineesi, cornish rex, devon rex, don sfinx, german rex, it\u00e4mainen lyhytkarva, it\u00e4mainen pitk\u00e4karva, japanin bobtail, peterbald, sfinx, siamilainen, somali, thai, ven\u00e4j\u00e4nsininen<\/p>\n<p>Rotujen kuvaukset l\u00f6yd\u00e4t Kissaliiton <a href=\"https:\/\/hankikissa.fi\/kissarodut\/\" target=\"_blank\" rel=\"noopener\">Hanki Kissa-sivustolta<\/a><\/p>\n<p>SUROKin eri rotujen kasvattajat l\u00f6ytyv\u00e4t <a href=\"https:\/\/www.surok.fi\/kasvattajat\/\" target=\"_blank\" rel=\"noopener\">kasvattajalistasta<\/a>.<br \/>\nOmaa kotiaan etsivi\u00e4 pentuja l\u00f6yd\u00e4t\u00a0<a href=\"https:\/\/www.surok.fi\/pentulista\/\" target=\"_blank\" rel=\"noopener\">pentulistalta<\/a>, katso my\u00f6s<a href=\"https:\/\/www.surok.fi\/aikuiset-kotia-etsivat\/\" target=\"_blank\" rel=\"noopener\">\u00a0aikuiset uutta kotia etsiv\u00e4t<\/a> kissat.<\/p>\n<p>SUROKin kasvattajaj\u00e4senet voivat lis\u00e4t\u00e4 yhteystietonsa\u00a0kasvattajalistaan<a href=\"https:\/\/www.surok.fi\/yhdistys\/inside-kasvattaja-ja-pentulistaus\/\" target=\"_blank\" rel=\"noopener\">\u00a0SUROK InSide-palvelun<\/a>\u00a0kautta.<\/p>\n","protected":false},"excerpt":{"rendered":"<p>Rotukissat jaetaan kattoj\u00e4rjest\u00f6ss\u00e4mme FIFess\u00e4 nelj\u00e4\u00e4n ryhm\u00e4\u00e4n eli kategoriaan turkin pituuden, rakenteen yms. perusteella seuraavasti: Kategoria 1: exotic, persialainen, pyh\u00e4 birma, ragdoll, turkkilainen van Kategoria 2: american curl lyhytkarvainen, american curl pitk\u00e4karvainen, laPerm lyhytkarvainen, laPerm pitk\u00e4karvainen, maine coon, neva masquerade, norjalainen mets\u00e4kissa, siperiankissa, turkkilainen angora Kategoria 3: bengali, brittil\u00e4inen lyhytkarva, brittil\u00e4inen&#8230;<\/p>\n<p> <a class=\"continue-reading-link\" href=\"https:\/\/www.surok.fi\/koti\/kissarodut\/\"><span>Continue reading<\/span><i class=\"crycon-right-dir\"><\/i><\/a> <\/p>\n","protected":false},"author":2,"featured_media":0,"parent":0,"menu_order":0,"comment_status":"closed","ping_status":"closed","template":"","meta":{"footnotes":""},"class_list":["post-77","page","type-page","status-publish","hentry"],"_links":{"self":[{"href":"https:\/\/www.surok.fi\/koti\/wp-json\/wp\/v2\/pages\/77","targetHints":{"allow":["GET"]}}],"collection":[{"href":"https:\/\/www.surok.fi\/koti\/wp-json\/wp\/v2\/pages"}],"about":[{"href":"https:\/\/www.surok.fi\/koti\/wp-json\/wp\/v2\/types\/page"}],"author":[{"embeddable":true,"href":"https:\/\/www.surok.fi\/koti\/wp-json\/wp\/v2\/users\/2"}],"replies":[{"embeddable":true,"href":"https:\/\/www.surok.fi\/koti\/wp-json\/wp\/v2\/comments?post=77"}],"version-history":[{"count":3,"href":"https:\/\/www.surok.fi\/koti\/wp-json\/wp\/v2\/pages\/77\/revisions"}],"predecessor-version":[{"id":817,"href":"https:\/\/www.surok.fi\/koti\/wp-json\/wp\/v2\/pages\/77\/revisions\/817"}],"wp:attachment":[{"href":"https:\/\/www.surok.fi\/koti\/wp-json\/wp\/v2\/media?parent=77"}],"curies":[{"name":"wp","href":"https:\/\/api.w.org\/{rel}","templated":true}]}}